{"id":572,"date":"2025-12-03T08:26:35","date_gmt":"2025-12-03T08:26:35","guid":{"rendered":"https:\/\/www.campingdeberghoeve.nl\/umwelt\/"},"modified":"2025-12-27T11:17:54","modified_gmt":"2025-12-27T11:17:54","slug":"umwelt","status":"publish","type":"page","link":"https:\/\/www.campingdeberghoeve.nl\/de\/umwelt\/","title":{"rendered":"Umwelt"},"content":{"rendered":"\t\t<div data-elementor-type=\"wp-page\" data-elementor-id=\"572\" class=\"elementor elementor-572 elementor-303\" data-elementor-post-type=\"page\">\n\t\t\t\t<div class=\"elementor-element elementor-element-5e79803 e-flex e-con-boxed e-con e-parent\" data-id=\"5e79803\" data-element_type=\"container\" data-e-type=\"container\" data-settings=\"{&quot;background_background&quot;:&quot;video&quot;,&quot;background_video_link&quot;:&quot;https:\\\/\\\/www.youtube.com\\\/embed\\\/Kf4gWjqce44?si=pwSv-592yHr_g08l&quot;,&quot;background_play_on_mobile&quot;:&quot;yes&quot;,&quot;background_privacy_mode&quot;:&quot;yes&quot;}\">\n\t\t\t\t\t<div class=\"e-con-inner\">\n\t\t<div class=\"elementor-background-video-container\">\n\t\t\t\t\t\t\t<div class=\"elementor-background-video-embed\" role=\"presentation\"><\/div>\n\t\t\t\t\t\t<\/div>\t\t<div class=\"elementor-element elementor-element-07df55a elementor-widget elementor-widget-heading\" data-id=\"07df55a\" data-element_type=\"widget\" data-e-type=\"widget\" data-widget_type=\"heading.default\">\n\t\t\t\t\t<h6 class=\"elementor-heading-title elementor-size-default\">Nat\u00fcrliche Ruinen <\/h6>\t\t\t\t<\/div>\n\t\t\t\t<div class=\"elementor-element elementor-element-c76eeda elementor-widget elementor-widget-heading\" data-id=\"c76eeda\" data-element_type=\"widget\" data-e-type=\"widget\" data-widget_type=\"heading.default\">\n\t\t\t\t\t<h1 class=\"elementor-heading-title elementor-size-default\">Entdecken Sie die Gegend um Ruinen<\/h1>\t\t\t\t<\/div>\n\t\t\t\t<div class=\"elementor-element elementor-element-82ff621 elementor-widget elementor-widget-heading\" data-id=\"82ff621\" data-element_type=\"widget\" data-e-type=\"widget\" data-widget_type=\"heading.default\">\n\t\t\t\t\t<h5 class=\"elementor-heading-title elementor-size-default\">Rund um den Campingplatz Berghoeve ist alles f\u00fcr einen Urlaub voller Natur, Ruhe und abwechslungsreicher Ausfl\u00fcge vorbereitet. Sie zelten in der gr\u00fcnen Landschaft rund um Ruinen, nur wenige Autominuten vom Dwingelderveld-Nationalpark entfernt: dem gr\u00f6\u00dften zusammenh\u00e4ngenden Feuchtheidegebiet Westeuropas mit weiten violetten Heidefl\u00e4chen, Mooren und Schafherden.<\/h5>\t\t\t\t<\/div>\n\t\t\t\t\t<\/div>\n\t\t\t\t<\/div>\n\t\t<div class=\"elementor-element elementor-element-0153c51 e-flex e-con-boxed e-con e-parent\" data-id=\"0153c51\" data-element_type=\"container\" data-e-type=\"container\">\n\t\t\t\t\t<div class=\"e-con-inner\">\n\t\t<div class=\"elementor-element elementor-element-b0d9e2b e-con-full e-flex e-con e-child\" data-id=\"b0d9e2b\" data-element_type=\"container\" data-e-type=\"container\">\n\t\t\t\t<div class=\"elementor-element elementor-element-3793bbd elementor-widget elementor-widget-image\" data-id=\"3793bbd\" data-element_type=\"widget\" data-e-type=\"widget\" data-widget_type=\"image.default\">\n\t\t\t\t\t\t\t\t\t\t\t\t\t\t\t<img fetchpriority=\"high\" decoding=\"async\" width=\"800\" height=\"800\" src=\"https:\/\/www.campingdeberghoeve.nl\/wp-content\/uploads\/2025\/12\/fietsen-in-ruinen.jpg\" class=\"attachment-large size-large wp-image-569\" alt=\"\" srcset=\"https:\/\/www.campingdeberghoeve.nl\/wp-content\/uploads\/2025\/12\/fietsen-in-ruinen.jpg 1024w, https:\/\/www.campingdeberghoeve.nl\/wp-content\/uploads\/2025\/12\/fietsen-in-ruinen-300x300.jpg 300w, https:\/\/www.campingdeberghoeve.nl\/wp-content\/uploads\/2025\/12\/fietsen-in-ruinen-150x150.jpg 150w, https:\/\/www.campingdeberghoeve.nl\/wp-content\/uploads\/2025\/12\/fietsen-in-ruinen-768x768.jpg 768w\" sizes=\"(max-width: 800px) 100vw, 800px\" \/>\t\t\t\t\t\t\t\t\t\t\t\t\t\t\t<\/div>\n\t\t\t\t<\/div>\n\t\t<div class=\"elementor-element elementor-element-29b3d2c e-con-full e-flex e-con e-child\" data-id=\"29b3d2c\" data-element_type=\"container\" data-e-type=\"container\">\n\t\t\t\t<div class=\"elementor-element elementor-element-2da2194 elementor-widget elementor-widget-heading\" data-id=\"2da2194\" data-element_type=\"widget\" data-e-type=\"widget\" data-widget_type=\"heading.default\">\n\t\t\t\t\t<h3 class=\"elementor-heading-title elementor-size-default\">Radfahren und Wandern in der Natur<\/h3>\t\t\t\t<\/div>\n\t\t\t\t<div class=\"elementor-element elementor-element-a054af7 elementor-widget elementor-widget-text-editor\" data-id=\"a054af7\" data-element_type=\"widget\" data-e-type=\"widget\" data-widget_type=\"text-editor.default\">\n\t\t\t\t\t\t\t\t\t<p>Vom Campingplatz aus kann man direkt mit dem Fahrrad oder zu Fu\u00df in die Natur starten. Rund um Ruinen und Dwingeloo gibt es wundersch\u00f6ne Routen durch W\u00e4lder, Heidelandschaften und entlang von Mooren, unter anderem im Dwingelderveld-Nationalpark. Vom Besucherzentrum in Ruinen starten mehrere markierte Wanderwege mit einer L\u00e4nge von 4 bis 13 Kilometern sowie wundersch\u00f6ne Radwege, die tief in die Gegend hineinf\u00fchren.<\/p>\t\t\t\t\t\t\t\t<\/div>\n\t\t\t\t<\/div>\n\t\t\t\t\t<\/div>\n\t\t\t\t<\/div>\n\t\t<div class=\"elementor-element elementor-element-579c1f1 e-flex e-con-boxed e-con e-parent\" data-id=\"579c1f1\" data-element_type=\"container\" data-e-type=\"container\">\n\t\t\t\t\t<div class=\"e-con-inner\">\n\t\t<div class=\"elementor-element elementor-element-808cce6 e-con-full e-flex e-con e-child\" data-id=\"808cce6\" data-element_type=\"container\" data-e-type=\"container\">\n\t\t\t\t<div class=\"elementor-element elementor-element-b61ad52 elementor-widget elementor-widget-heading\" data-id=\"b61ad52\" data-element_type=\"widget\" data-e-type=\"widget\" data-widget_type=\"heading.default\">\n\t\t\t\t\t<h3 class=\"elementor-heading-title elementor-size-default\">Unterhaltsame Ausfl\u00fcge mit Kindern<\/h3>\t\t\t\t<\/div>\n\t\t\t\t<div class=\"elementor-element elementor-element-faa1c15 elementor-widget elementor-widget-text-editor\" data-id=\"faa1c15\" data-element_type=\"widget\" data-e-type=\"widget\" data-widget_type=\"text-editor.default\">\n\t\t\t\t\t\t\t\t\t<p>Auch f\u00fcr Kinder gibt es viel zu unternehmen. Ganz in der N\u00e4he befindet sich der Naturspielplatz von OERRR in Dwingelderveld, wo Kinder klettern, H\u00fctten bauen und mit Wasser spielen k\u00f6nnen. F\u00fcr einen Tag voller Badespa\u00df bietet Drenthe mehrere Schwimmb\u00e4der und Seen mit Str\u00e4nden und Spielger\u00e4ten.<\/p>\t\t\t\t\t\t\t\t<\/div>\n\t\t\t\t<\/div>\n\t\t<div class=\"elementor-element elementor-element-eb8824e e-con-full e-flex e-con e-child\" data-id=\"eb8824e\" data-element_type=\"container\" data-e-type=\"container\">\n\t\t\t\t<div class=\"elementor-element elementor-element-43f5cb6 elementor-widget elementor-widget-image\" data-id=\"43f5cb6\" data-element_type=\"widget\" data-e-type=\"widget\" data-widget_type=\"image.default\">\n\t\t\t\t\t\t\t\t\t\t\t\t\t\t\t<img decoding=\"async\" width=\"800\" height=\"800\" src=\"https:\/\/www.campingdeberghoeve.nl\/wp-content\/uploads\/2025\/12\/ruinen.jpg\" class=\"attachment-large size-large wp-image-570\" alt=\"\" srcset=\"https:\/\/www.campingdeberghoeve.nl\/wp-content\/uploads\/2025\/12\/ruinen.jpg 1024w, https:\/\/www.campingdeberghoeve.nl\/wp-content\/uploads\/2025\/12\/ruinen-300x300.jpg 300w, https:\/\/www.campingdeberghoeve.nl\/wp-content\/uploads\/2025\/12\/ruinen-150x150.jpg 150w, https:\/\/www.campingdeberghoeve.nl\/wp-content\/uploads\/2025\/12\/ruinen-768x768.jpg 768w\" sizes=\"(max-width: 800px) 100vw, 800px\" \/>\t\t\t\t\t\t\t\t\t\t\t\t\t\t\t<\/div>\n\t\t\t\t<\/div>\n\t\t\t\t\t<\/div>\n\t\t\t\t<\/div>\n\t\t<div class=\"elementor-element elementor-element-75155b3 e-flex e-con-boxed e-con e-parent\" data-id=\"75155b3\" data-element_type=\"container\" data-e-type=\"container\">\n\t\t\t\t\t<div class=\"e-con-inner\">\n\t\t<div class=\"elementor-element elementor-element-83a60de e-con-full e-flex e-con e-child\" data-id=\"83a60de\" data-element_type=\"container\" data-e-type=\"container\">\n\t\t\t\t<div class=\"elementor-element elementor-element-b020a6f elementor-widget elementor-widget-image\" data-id=\"b020a6f\" data-element_type=\"widget\" data-e-type=\"widget\" data-widget_type=\"image.default\">\n\t\t\t\t\t\t\t\t\t\t\t\t\t\t\t<img decoding=\"async\" width=\"800\" height=\"800\" src=\"https:\/\/www.campingdeberghoeve.nl\/wp-content\/uploads\/2025\/12\/drone-ruinen.jpg\" class=\"attachment-large size-large wp-image-571\" alt=\"\" srcset=\"https:\/\/www.campingdeberghoeve.nl\/wp-content\/uploads\/2025\/12\/drone-ruinen.jpg 1024w, https:\/\/www.campingdeberghoeve.nl\/wp-content\/uploads\/2025\/12\/drone-ruinen-300x300.jpg 300w, https:\/\/www.campingdeberghoeve.nl\/wp-content\/uploads\/2025\/12\/drone-ruinen-150x150.jpg 150w, https:\/\/www.campingdeberghoeve.nl\/wp-content\/uploads\/2025\/12\/drone-ruinen-768x768.jpg 768w\" sizes=\"(max-width: 800px) 100vw, 800px\" \/>\t\t\t\t\t\t\t\t\t\t\t\t\t\t\t<\/div>\n\t\t\t\t<\/div>\n\t\t<div class=\"elementor-element elementor-element-411d9b8 e-con-full e-flex e-con e-child\" data-id=\"411d9b8\" data-element_type=\"container\" data-e-type=\"container\">\n\t\t\t\t<div class=\"elementor-element elementor-element-a1659bf elementor-widget elementor-widget-heading\" data-id=\"a1659bf\" data-element_type=\"widget\" data-e-type=\"widget\" data-widget_type=\"heading.default\">\n\t\t\t\t\t<h3 class=\"elementor-heading-title elementor-size-default\">Das Dorf Ruinen<\/h3>\t\t\t\t<\/div>\n\t\t\t\t<div class=\"elementor-element elementor-element-7c8df18 elementor-widget elementor-widget-text-editor\" data-id=\"7c8df18\" data-element_type=\"widget\" data-e-type=\"widget\" data-widget_type=\"text-editor.default\">\n\t\t\t\t\t\t\t\t\t<p>In Ruinen selbst k\u00f6nnen Sie Ihre t\u00e4glichen Eink\u00e4ufe erledigen, auf einer Terrasse sitzen oder nach einem sch\u00f6nen Ausflug ein Eis genie\u00dfen. Der gem\u00fctliche Dorfplatz verspr\u00fcht noch immer die typische Drenthe-Atmosph\u00e4re und ist ein hervorragender Ausgangspunkt f\u00fcr Ausfl\u00fcge in die Region.<\/p>\t\t\t\t\t\t\t\t<\/div>\n\t\t\t\t<\/div>\n\t\t\t\t\t<\/div>\n\t\t\t\t<\/div>\n\t\t<div class=\"elementor-element elementor-element-1344b6e e-flex e-con-boxed e-con e-parent\" data-id=\"1344b6e\" data-element_type=\"container\" data-e-type=\"container\" data-settings=\"{&quot;background_background&quot;:&quot;classic&quot;}\">\n\t\t\t\t\t<div class=\"e-con-inner\">\n\t\t\t\t<div class=\"elementor-element elementor-element-9db4c75 elementor-widget elementor-widget-text-editor\" data-id=\"9db4c75\" data-element_type=\"widget\" data-e-type=\"widget\" data-widget_type=\"text-editor.default\">\n\t\t\t\t\t\t\t\t\t<p>Ob Sie eine gem\u00fctliche Radtour durch die Heide unternehmen, einen kurzen Spaziergang mit den Kindern machen oder einen Tagesausflug planen: Vom Campingplatz de Berghoeve aus befinden Sie sich im Herzen des sch\u00f6nsten Teils von Drenthe.<\/p>\t\t\t\t\t\t\t\t<\/div>\n\t\t\t\t\t<\/div>\n\t\t\t\t<\/div>\n\t\t\t\t<\/div>\n\t\t","protected":false},"excerpt":{"rendered":"<p>Nat\u00fcrliche Ruinen Entdecken Sie die Gegend um Ruinen Rund um den Campingplatz Berghoeve ist alles f\u00fcr einen Urlaub voller Natur, Ruhe und abwechslungsreicher Ausfl\u00fcge vorbereitet. Sie zelten in der gr\u00fcnen Landschaft rund um Ruinen, nur wenige Autominuten vom Dwingelderveld-Nationalpark entfernt: dem gr\u00f6\u00dften zusammenh\u00e4ngenden Feuchtheidegebiet Westeuropas mit weiten violetten Heidefl\u00e4chen, Mooren und Schafherden. Radfahren und Wandern [&hellip;]<\/p>\n","protected":false},"author":1,"featured_media":0,"parent":0,"menu_order":0,"comment_status":"closed","ping_status":"closed","template":"","meta":{"_acf_changed":false,"footnotes":""},"class_list":["post-572","page","type-page","status-publish","hentry"],"acf":[],"yoast_head":"<!-- This site is optimized with the Yoast SEO plugin v27.0 - https:\/\/yoast.com\/product\/yoast-seo-wordpress\/ -->\n<title>Umwelt - Camping de Berghoeve in Ruinen<\/title>\n<meta name=\"robots\" content=\"index, follow, max-snippet:-1, max-image-preview:large, max-video-preview:-1\" \/>\n<link rel=\"canonical\" href=\"https:\/\/www.campingdeberghoeve.nl\/de\/umwelt\/\" \/>\n<meta property=\"og:locale\" content=\"de_DE\" \/>\n<meta property=\"og:type\" content=\"article\" \/>\n<meta property=\"og:title\" content=\"Umwelt - Camping de Berghoeve in Ruinen\" \/>\n<meta property=\"og:description\" content=\"Nat\u00fcrliche Ruinen Entdecken Sie die Gegend um Ruinen Rund um den Campingplatz Berghoeve ist alles f\u00fcr einen Urlaub voller Natur, Ruhe und abwechslungsreicher Ausfl\u00fcge vorbereitet. Sie zelten in der gr\u00fcnen Landschaft rund um Ruinen, nur wenige Autominuten vom Dwingelderveld-Nationalpark entfernt: dem gr\u00f6\u00dften zusammenh\u00e4ngenden Feuchtheidegebiet Westeuropas mit weiten violetten Heidefl\u00e4chen, Mooren und Schafherden. Radfahren und Wandern [&hellip;]\" \/>\n<meta property=\"og:url\" content=\"https:\/\/www.campingdeberghoeve.nl\/de\/umwelt\/\" \/>\n<meta property=\"og:site_name\" content=\"Camping de Berghoeve in Ruinen\" \/>\n<meta property=\"article:modified_time\" content=\"2025-12-27T11:17:54+00:00\" \/>\n<meta property=\"og:image\" content=\"https:\/\/www.campingdeberghoeve.nl\/wp-content\/uploads\/2025\/12\/fietsen-in-ruinen.jpg\" \/>\n\t<meta property=\"og:image:width\" content=\"1024\" \/>\n\t<meta property=\"og:image:height\" content=\"1024\" \/>\n\t<meta property=\"og:image:type\" content=\"image\/jpeg\" \/>\n<meta name=\"twitter:card\" content=\"summary_large_image\" \/>\n<meta name=\"twitter:label1\" content=\"Gesch\u00e4tzte Lesezeit\" \/>\n\t<meta name=\"twitter:data1\" content=\"1\u00a0Minute\" \/>\n<script type=\"application\/ld+json\" class=\"yoast-schema-graph\">{\"@context\":\"https:\/\/schema.org\",\"@graph\":[{\"@type\":\"WebPage\",\"@id\":\"https:\/\/www.campingdeberghoeve.nl\/de\/umwelt\/\",\"url\":\"https:\/\/www.campingdeberghoeve.nl\/de\/umwelt\/\",\"name\":\"Umwelt - Camping de Berghoeve in Ruinen\",\"isPartOf\":{\"@id\":\"https:\/\/www.campingdeberghoeve.nl\/de\/#website\"},\"primaryImageOfPage\":{\"@id\":\"https:\/\/www.campingdeberghoeve.nl\/de\/umwelt\/#primaryimage\"},\"image\":{\"@id\":\"https:\/\/www.campingdeberghoeve.nl\/de\/umwelt\/#primaryimage\"},\"thumbnailUrl\":\"https:\/\/www.campingdeberghoeve.nl\/wp-content\/uploads\/2025\/12\/fietsen-in-ruinen.jpg\",\"datePublished\":\"2025-12-03T08:26:35+00:00\",\"dateModified\":\"2025-12-27T11:17:54+00:00\",\"breadcrumb\":{\"@id\":\"https:\/\/www.campingdeberghoeve.nl\/de\/umwelt\/#breadcrumb\"},\"inLanguage\":\"de\",\"potentialAction\":[{\"@type\":\"ReadAction\",\"target\":[\"https:\/\/www.campingdeberghoeve.nl\/de\/umwelt\/\"]}]},{\"@type\":\"ImageObject\",\"inLanguage\":\"de\",\"@id\":\"https:\/\/www.campingdeberghoeve.nl\/de\/umwelt\/#primaryimage\",\"url\":\"https:\/\/www.campingdeberghoeve.nl\/wp-content\/uploads\/2025\/12\/fietsen-in-ruinen.jpg\",\"contentUrl\":\"https:\/\/www.campingdeberghoeve.nl\/wp-content\/uploads\/2025\/12\/fietsen-in-ruinen.jpg\"},{\"@type\":\"BreadcrumbList\",\"@id\":\"https:\/\/www.campingdeberghoeve.nl\/de\/umwelt\/#breadcrumb\",\"itemListElement\":[{\"@type\":\"ListItem\",\"position\":1,\"name\":\"Home\",\"item\":\"https:\/\/www.campingdeberghoeve.nl\/de\/campingplatz-ruinen\/\"},{\"@type\":\"ListItem\",\"position\":2,\"name\":\"Umwelt\"}]},{\"@type\":\"WebSite\",\"@id\":\"https:\/\/www.campingdeberghoeve.nl\/de\/#website\",\"url\":\"https:\/\/www.campingdeberghoeve.nl\/de\/\",\"name\":\"Camping de Berghoeve in Ruinen\",\"description\":\"Natuurlijk Ruinen\",\"publisher\":{\"@id\":\"https:\/\/www.campingdeberghoeve.nl\/de\/#organization\"},\"potentialAction\":[{\"@type\":\"SearchAction\",\"target\":{\"@type\":\"EntryPoint\",\"urlTemplate\":\"https:\/\/www.campingdeberghoeve.nl\/de\/?s={search_term_string}\"},\"query-input\":{\"@type\":\"PropertyValueSpecification\",\"valueRequired\":true,\"valueName\":\"search_term_string\"}}],\"inLanguage\":\"de\"},{\"@type\":\"Organization\",\"@id\":\"https:\/\/www.campingdeberghoeve.nl\/de\/#organization\",\"name\":\"Camping de Berghoeve - Natuurlijk Ruinen\",\"url\":\"https:\/\/www.campingdeberghoeve.nl\/de\/\",\"logo\":{\"@type\":\"ImageObject\",\"inLanguage\":\"de\",\"@id\":\"https:\/\/www.campingdeberghoeve.nl\/de\/#\/schema\/logo\/image\/\",\"url\":\"https:\/\/www.campingdeberghoeve.nl\/wp-content\/uploads\/2025\/11\/logo-berghoeve-web.png\",\"contentUrl\":\"https:\/\/www.campingdeberghoeve.nl\/wp-content\/uploads\/2025\/11\/logo-berghoeve-web.png\",\"width\":1068,\"height\":654,\"caption\":\"Camping de Berghoeve - Natuurlijk Ruinen\"},\"image\":{\"@id\":\"https:\/\/www.campingdeberghoeve.nl\/de\/#\/schema\/logo\/image\/\"}}]}<\/script>\n<!-- \/ Yoast SEO plugin. -->","yoast_head_json":{"title":"Umwelt - Camping de Berghoeve in Ruinen","robots":{"index":"index","follow":"follow","max-snippet":"max-snippet:-1","max-image-preview":"max-image-preview:large","max-video-preview":"max-video-preview:-1"},"canonical":"https:\/\/www.campingdeberghoeve.nl\/de\/umwelt\/","og_locale":"de_DE","og_type":"article","og_title":"Umwelt - Camping de Berghoeve in Ruinen","og_description":"Nat\u00fcrliche Ruinen Entdecken Sie die Gegend um Ruinen Rund um den Campingplatz Berghoeve ist alles f\u00fcr einen Urlaub voller Natur, Ruhe und abwechslungsreicher Ausfl\u00fcge vorbereitet. Sie zelten in der gr\u00fcnen Landschaft rund um Ruinen, nur wenige Autominuten vom Dwingelderveld-Nationalpark entfernt: dem gr\u00f6\u00dften zusammenh\u00e4ngenden Feuchtheidegebiet Westeuropas mit weiten violetten Heidefl\u00e4chen, Mooren und Schafherden. Radfahren und Wandern [&hellip;]","og_url":"https:\/\/www.campingdeberghoeve.nl\/de\/umwelt\/","og_site_name":"Camping de Berghoeve in Ruinen","article_modified_time":"2025-12-27T11:17:54+00:00","og_image":[{"width":1024,"height":1024,"url":"https:\/\/www.campingdeberghoeve.nl\/wp-content\/uploads\/2025\/12\/fietsen-in-ruinen.jpg","type":"image\/jpeg"}],"twitter_card":"summary_large_image","twitter_misc":{"Gesch\u00e4tzte Lesezeit":"1\u00a0Minute"},"schema":{"@context":"https:\/\/schema.org","@graph":[{"@type":"WebPage","@id":"https:\/\/www.campingdeberghoeve.nl\/de\/umwelt\/","url":"https:\/\/www.campingdeberghoeve.nl\/de\/umwelt\/","name":"Umwelt - Camping de Berghoeve in Ruinen","isPartOf":{"@id":"https:\/\/www.campingdeberghoeve.nl\/de\/#website"},"primaryImageOfPage":{"@id":"https:\/\/www.campingdeberghoeve.nl\/de\/umwelt\/#primaryimage"},"image":{"@id":"https:\/\/www.campingdeberghoeve.nl\/de\/umwelt\/#primaryimage"},"thumbnailUrl":"https:\/\/www.campingdeberghoeve.nl\/wp-content\/uploads\/2025\/12\/fietsen-in-ruinen.jpg","datePublished":"2025-12-03T08:26:35+00:00","dateModified":"2025-12-27T11:17:54+00:00","breadcrumb":{"@id":"https:\/\/www.campingdeberghoeve.nl\/de\/umwelt\/#breadcrumb"},"inLanguage":"de","potentialAction":[{"@type":"ReadAction","target":["https:\/\/www.campingdeberghoeve.nl\/de\/umwelt\/"]}]},{"@type":"ImageObject","inLanguage":"de","@id":"https:\/\/www.campingdeberghoeve.nl\/de\/umwelt\/#primaryimage","url":"https:\/\/www.campingdeberghoeve.nl\/wp-content\/uploads\/2025\/12\/fietsen-in-ruinen.jpg","contentUrl":"https:\/\/www.campingdeberghoeve.nl\/wp-content\/uploads\/2025\/12\/fietsen-in-ruinen.jpg"},{"@type":"BreadcrumbList","@id":"https:\/\/www.campingdeberghoeve.nl\/de\/umwelt\/#breadcrumb","itemListElement":[{"@type":"ListItem","position":1,"name":"Home","item":"https:\/\/www.campingdeberghoeve.nl\/de\/campingplatz-ruinen\/"},{"@type":"ListItem","position":2,"name":"Umwelt"}]},{"@type":"WebSite","@id":"https:\/\/www.campingdeberghoeve.nl\/de\/#website","url":"https:\/\/www.campingdeberghoeve.nl\/de\/","name":"Camping de Berghoeve in Ruinen","description":"Natuurlijk Ruinen","publisher":{"@id":"https:\/\/www.campingdeberghoeve.nl\/de\/#organization"},"potentialAction":[{"@type":"SearchAction","target":{"@type":"EntryPoint","urlTemplate":"https:\/\/www.campingdeberghoeve.nl\/de\/?s={search_term_string}"},"query-input":{"@type":"PropertyValueSpecification","valueRequired":true,"valueName":"search_term_string"}}],"inLanguage":"de"},{"@type":"Organization","@id":"https:\/\/www.campingdeberghoeve.nl\/de\/#organization","name":"Camping de Berghoeve - Natuurlijk Ruinen","url":"https:\/\/www.campingdeberghoeve.nl\/de\/","logo":{"@type":"ImageObject","inLanguage":"de","@id":"https:\/\/www.campingdeberghoeve.nl\/de\/#\/schema\/logo\/image\/","url":"https:\/\/www.campingdeberghoeve.nl\/wp-content\/uploads\/2025\/11\/logo-berghoeve-web.png","contentUrl":"https:\/\/www.campingdeberghoeve.nl\/wp-content\/uploads\/2025\/11\/logo-berghoeve-web.png","width":1068,"height":654,"caption":"Camping de Berghoeve - Natuurlijk Ruinen"},"image":{"@id":"https:\/\/www.campingdeberghoeve.nl\/de\/#\/schema\/logo\/image\/"}}]}},"_links":{"self":[{"href":"https:\/\/www.campingdeberghoeve.nl\/de\/wp-json\/wp\/v2\/pages\/572","targetHints":{"allow":["GET"]}}],"collection":[{"href":"https:\/\/www.campingdeberghoeve.nl\/de\/wp-json\/wp\/v2\/pages"}],"about":[{"href":"https:\/\/www.campingdeberghoeve.nl\/de\/wp-json\/wp\/v2\/types\/page"}],"author":[{"embeddable":true,"href":"https:\/\/www.campingdeberghoeve.nl\/de\/wp-json\/wp\/v2\/users\/1"}],"replies":[{"embeddable":true,"href":"https:\/\/www.campingdeberghoeve.nl\/de\/wp-json\/wp\/v2\/comments?post=572"}],"version-history":[{"count":1,"href":"https:\/\/www.campingdeberghoeve.nl\/de\/wp-json\/wp\/v2\/pages\/572\/revisions"}],"predecessor-version":[{"id":573,"href":"https:\/\/www.campingdeberghoeve.nl\/de\/wp-json\/wp\/v2\/pages\/572\/revisions\/573"}],"wp:attachment":[{"href":"https:\/\/www.campingdeberghoeve.nl\/de\/wp-json\/wp\/v2\/media?parent=572"}],"curies":[{"name":"wp","href":"https:\/\/api.w.org\/{rel}","templated":true}]}}