{"id":567,"date":"2025-12-03T08:39:15","date_gmt":"2025-12-03T08:39:15","guid":{"rendered":"https:\/\/www.campingdeberghoeve.nl\/aktivitaeten-auf-dem-campingplatz\/"},"modified":"2025-12-27T11:15:15","modified_gmt":"2025-12-27T11:15:15","slug":"aktivitaeten-auf-dem-campingplatz","status":"publish","type":"page","link":"https:\/\/www.campingdeberghoeve.nl\/de\/aktivitaeten-auf-dem-campingplatz\/","title":{"rendered":"Aktivit\u00e4ten auf dem Campingplatz"},"content":{"rendered":"\t\t<div data-elementor-type=\"wp-page\" data-elementor-id=\"567\" class=\"elementor elementor-567 elementor-316\" data-elementor-post-type=\"page\">\n\t\t\t\t<div class=\"elementor-element elementor-element-915b817 e-flex e-con-boxed e-con e-parent\" data-id=\"915b817\" data-element_type=\"container\" data-e-type=\"container\" data-settings=\"{&quot;background_background&quot;:&quot;video&quot;,&quot;background_video_link&quot;:&quot;https:\\\/\\\/www.youtube.com\\\/embed\\\/chEmKKTpfsU?si=nSQ5856EFkyPGgms&quot;,&quot;background_play_on_mobile&quot;:&quot;yes&quot;,&quot;background_privacy_mode&quot;:&quot;yes&quot;}\">\n\t\t\t\t\t<div class=\"e-con-inner\">\n\t\t<div class=\"elementor-background-video-container\">\n\t\t\t\t\t\t\t<div class=\"elementor-background-video-embed\" role=\"presentation\"><\/div>\n\t\t\t\t\t\t<\/div>\t\t<div class=\"elementor-element elementor-element-2e85c7d elementor-widget elementor-widget-heading\" data-id=\"2e85c7d\" data-element_type=\"widget\" data-e-type=\"widget\" data-widget_type=\"heading.default\">\n\t\t\t\t\t<h6 class=\"elementor-heading-title elementor-size-default\">Nat\u00fcrliche Ruinen <\/h6>\t\t\t\t<\/div>\n\t\t\t\t<div class=\"elementor-element elementor-element-60c1040 elementor-widget elementor-widget-heading\" data-id=\"60c1040\" data-element_type=\"widget\" data-e-type=\"widget\" data-widget_type=\"heading.default\">\n\t\t\t\t\t<h1 class=\"elementor-heading-title elementor-size-default\">Den Campingplatz genie\u00dfen<\/h1>\t\t\t\t<\/div>\n\t\t\t\t<div class=\"elementor-element elementor-element-82c9fbc elementor-widget elementor-widget-heading\" data-id=\"82c9fbc\" data-element_type=\"widget\" data-e-type=\"widget\" data-widget_type=\"heading.default\">\n\t\t\t\t\t<h5 class=\"elementor-heading-title elementor-size-default\">Auf dem Campingplatz Berghoeve dreht sich alles darum, drau\u00dfen zu sein, Zeit miteinander zu verbringen und die kleinen Dinge zu genie\u00dfen. Es gibt immer etwas Sch\u00f6nes zu unternehmen, ohne dass es \u00fcberf\u00fcllt oder riesig ist.<\/h5>\t\t\t\t<\/div>\n\t\t\t\t\t<\/div>\n\t\t\t\t<\/div>\n\t\t<div class=\"elementor-element elementor-element-3716ac1 e-flex e-con-boxed e-con e-parent\" data-id=\"3716ac1\" data-element_type=\"container\" data-e-type=\"container\">\n\t\t\t\t\t<div class=\"e-con-inner\">\n\t\t<div class=\"elementor-element elementor-element-159dca7 e-con-full e-flex e-con e-child\" data-id=\"159dca7\" data-element_type=\"container\" data-e-type=\"container\">\n\t\t\t\t<div class=\"elementor-element elementor-element-148aa44 elementor-widget elementor-widget-heading\" data-id=\"148aa44\" data-element_type=\"widget\" data-e-type=\"widget\" data-widget_type=\"heading.default\">\n\t\t\t\t\t<h3 class=\"elementor-heading-title elementor-size-default\">Activiteiten<\/h3>\t\t\t\t<\/div>\n\t\t\t\t<div class=\"elementor-element elementor-element-b526ba3 elementor-widget elementor-widget-text-editor\" data-id=\"b526ba3\" data-element_type=\"widget\" data-e-type=\"widget\" data-widget_type=\"text-editor.default\">\n\t\t\t\t\t\t\t\t\t<p>Kinder k\u00f6nnen beim F\u00fcttern der Tiere helfen, Eier von den H\u00fchnern sammeln und stundenlang auf dem Feld, dem Spielplatz oder im Baumhaus spielen. Zwischendurch findet sich immer jemand f\u00fcr eine Partie Boule, w\u00e4hrend andere ruhig mit einem Buch vor dem Zelt oder Wohnwagen sitzen.<\/p>\t\t\t\t\t\t\t\t<\/div>\n\t\t\t\t<div class=\"elementor-element elementor-element-4afbf4d elementor-align-start elementor-icon-list--layout-traditional elementor-list-item-link-full_width elementor-widget elementor-widget-icon-list\" data-id=\"4afbf4d\" data-element_type=\"widget\" data-e-type=\"widget\" data-widget_type=\"icon-list.default\">\n\t\t\t\t\t\t\t<ul class=\"elementor-icon-list-items\">\n\t\t\t\t\t\t\t<li class=\"elementor-icon-list-item\">\n\t\t\t\t\t\t\t\t\t\t\t<span class=\"elementor-icon-list-icon\">\n\t\t\t\t\t\t\t<svg aria-hidden=\"true\" class=\"e-font-icon-svg e-fas-check\" viewBox=\"0 0 512 512\" xmlns=\"http:\/\/www.w3.org\/2000\/svg\"><path d=\"M173.898 439.404l-166.4-166.4c-9.997-9.997-9.997-26.206 0-36.204l36.203-36.204c9.997-9.998 26.207-9.998 36.204 0L192 312.69 432.095 72.596c9.997-9.997 26.207-9.997 36.204 0l36.203 36.204c9.997 9.997 9.997 26.206 0 36.204l-294.4 294.401c-9.998 9.997-26.207 9.997-36.204-.001z\"><\/path><\/svg>\t\t\t\t\t\t<\/span>\n\t\t\t\t\t\t\t\t\t\t<span class=\"elementor-icon-list-text\">Pizzaabende<\/span>\n\t\t\t\t\t\t\t\t\t<\/li>\n\t\t\t\t\t\t\t\t<li class=\"elementor-icon-list-item\">\n\t\t\t\t\t\t\t\t\t\t\t<span class=\"elementor-icon-list-icon\">\n\t\t\t\t\t\t\t<svg aria-hidden=\"true\" class=\"e-font-icon-svg e-fas-check\" viewBox=\"0 0 512 512\" xmlns=\"http:\/\/www.w3.org\/2000\/svg\"><path d=\"M173.898 439.404l-166.4-166.4c-9.997-9.997-9.997-26.206 0-36.204l36.203-36.204c9.997-9.998 26.207-9.998 36.204 0L192 312.69 432.095 72.596c9.997-9.997 26.207-9.997 36.204 0l36.203 36.204c9.997 9.997 9.997 26.206 0 36.204l-294.4 294.401c-9.998 9.997-26.207 9.997-36.204-.001z\"><\/path><\/svg>\t\t\t\t\t\t<\/span>\n\t\t\t\t\t\t\t\t\t\t<span class=\"elementor-icon-list-text\">Boule-Spiel<\/span>\n\t\t\t\t\t\t\t\t\t<\/li>\n\t\t\t\t\t\t\t\t<li class=\"elementor-icon-list-item\">\n\t\t\t\t\t\t\t\t\t\t\t<span class=\"elementor-icon-list-icon\">\n\t\t\t\t\t\t\t<svg aria-hidden=\"true\" class=\"e-font-icon-svg e-fas-check\" viewBox=\"0 0 512 512\" xmlns=\"http:\/\/www.w3.org\/2000\/svg\"><path d=\"M173.898 439.404l-166.4-166.4c-9.997-9.997-9.997-26.206 0-36.204l36.203-36.204c9.997-9.998 26.207-9.998 36.204 0L192 312.69 432.095 72.596c9.997-9.997 26.207-9.997 36.204 0l36.203 36.204c9.997 9.997 9.997 26.206 0 36.204l-294.4 294.401c-9.998 9.997-26.207 9.997-36.204-.001z\"><\/path><\/svg>\t\t\t\t\t\t<\/span>\n\t\t\t\t\t\t\t\t\t\t<span class=\"elementor-icon-list-text\">Koffiemomentjes<\/span>\n\t\t\t\t\t\t\t\t\t<\/li>\n\t\t\t\t\t\t\t\t<li class=\"elementor-icon-list-item\">\n\t\t\t\t\t\t\t\t\t\t\t<span class=\"elementor-icon-list-icon\">\n\t\t\t\t\t\t\t<svg aria-hidden=\"true\" class=\"e-font-icon-svg e-fas-check\" viewBox=\"0 0 512 512\" xmlns=\"http:\/\/www.w3.org\/2000\/svg\"><path d=\"M173.898 439.404l-166.4-166.4c-9.997-9.997-9.997-26.206 0-36.204l36.203-36.204c9.997-9.998 26.207-9.998 36.204 0L192 312.69 432.095 72.596c9.997-9.997 26.207-9.997 36.204 0l36.203 36.204c9.997 9.997 9.997 26.206 0 36.204l-294.4 294.401c-9.998 9.997-26.207 9.997-36.204-.001z\"><\/path><\/svg>\t\t\t\t\t\t<\/span>\n\t\t\t\t\t\t\t\t\t\t<span class=\"elementor-icon-list-text\">Hilf mit, die Tiere zu versorgen.<\/span>\n\t\t\t\t\t\t\t\t\t<\/li>\n\t\t\t\t\t\t\t\t<li class=\"elementor-icon-list-item\">\n\t\t\t\t\t\t\t\t\t\t\t<span class=\"elementor-icon-list-icon\">\n\t\t\t\t\t\t\t<svg aria-hidden=\"true\" class=\"e-font-icon-svg e-fas-check\" viewBox=\"0 0 512 512\" xmlns=\"http:\/\/www.w3.org\/2000\/svg\"><path d=\"M173.898 439.404l-166.4-166.4c-9.997-9.997-9.997-26.206 0-36.204l36.203-36.204c9.997-9.998 26.207-9.998 36.204 0L192 312.69 432.095 72.596c9.997-9.997 26.207-9.997 36.204 0l36.203 36.204c9.997 9.997 9.997 26.206 0 36.204l-294.4 294.401c-9.998 9.997-26.207 9.997-36.204-.001z\"><\/path><\/svg>\t\t\t\t\t\t<\/span>\n\t\t\t\t\t\t\t\t\t\t<span class=\"elementor-icon-list-text\">Kreative Workshops<\/span>\n\t\t\t\t\t\t\t\t\t<\/li>\n\t\t\t\t\t\t\t\t<li class=\"elementor-icon-list-item\">\n\t\t\t\t\t\t\t\t\t\t\t<span class=\"elementor-icon-list-icon\">\n\t\t\t\t\t\t\t<svg aria-hidden=\"true\" class=\"e-font-icon-svg e-fas-check\" viewBox=\"0 0 512 512\" xmlns=\"http:\/\/www.w3.org\/2000\/svg\"><path d=\"M173.898 439.404l-166.4-166.4c-9.997-9.997-9.997-26.206 0-36.204l36.203-36.204c9.997-9.998 26.207-9.998 36.204 0L192 312.69 432.095 72.596c9.997-9.997 26.207-9.997 36.204 0l36.203 36.204c9.997 9.997 9.997 26.206 0 36.204l-294.4 294.401c-9.998 9.997-26.207 9.997-36.204-.001z\"><\/path><\/svg>\t\t\t\t\t\t<\/span>\n\t\t\t\t\t\t\t\t\t\t<span class=\"elementor-icon-list-text\">Lagerfeuer mit Marshmallows<\/span>\n\t\t\t\t\t\t\t\t\t<\/li>\n\t\t\t\t\t\t\t\t<li class=\"elementor-icon-list-item\">\n\t\t\t\t\t\t\t\t\t\t\t<span class=\"elementor-icon-list-icon\">\n\t\t\t\t\t\t\t<svg aria-hidden=\"true\" class=\"e-font-icon-svg e-fas-check\" viewBox=\"0 0 512 512\" xmlns=\"http:\/\/www.w3.org\/2000\/svg\"><path d=\"M173.898 439.404l-166.4-166.4c-9.997-9.997-9.997-26.206 0-36.204l36.203-36.204c9.997-9.998 26.207-9.998 36.204 0L192 312.69 432.095 72.596c9.997-9.997 26.207-9.997 36.204 0l36.203 36.204c9.997 9.997 9.997 26.206 0 36.204l-294.4 294.401c-9.998 9.997-26.207 9.997-36.204-.001z\"><\/path><\/svg>\t\t\t\t\t\t<\/span>\n\t\t\t\t\t\t\t\t\t\t<span class=\"elementor-icon-list-text\">Fahrradverleih<\/span>\n\t\t\t\t\t\t\t\t\t<\/li>\n\t\t\t\t\t\t<\/ul>\n\t\t\t\t\t\t<\/div>\n\t\t\t\t<\/div>\n\t\t<div class=\"elementor-element elementor-element-f1c6401 e-con-full e-flex e-con e-child\" data-id=\"f1c6401\" data-element_type=\"container\" data-e-type=\"container\">\n\t\t\t\t<div class=\"elementor-element elementor-element-7079560 elementor-widget elementor-widget-image\" data-id=\"7079560\" data-element_type=\"widget\" data-e-type=\"widget\" data-widget_type=\"image.default\">\n\t\t\t\t\t\t\t\t\t\t\t\t\t\t\t<img fetchpriority=\"high\" decoding=\"async\" width=\"800\" height=\"666\" src=\"https:\/\/www.campingdeberghoeve.nl\/wp-content\/uploads\/2025\/11\/kippen-1024x852.jpg\" class=\"attachment-large size-large wp-image-540\" alt=\"\" srcset=\"https:\/\/www.campingdeberghoeve.nl\/wp-content\/uploads\/2025\/11\/kippen-1024x852.jpg 1024w, https:\/\/www.campingdeberghoeve.nl\/wp-content\/uploads\/2025\/11\/kippen-300x250.jpg 300w, https:\/\/www.campingdeberghoeve.nl\/wp-content\/uploads\/2025\/11\/kippen-768x639.jpg 768w, https:\/\/www.campingdeberghoeve.nl\/wp-content\/uploads\/2025\/11\/kippen-1536x1279.jpg 1536w, https:\/\/www.campingdeberghoeve.nl\/wp-content\/uploads\/2025\/11\/kippen.jpg 2000w\" sizes=\"(max-width: 800px) 100vw, 800px\" \/>\t\t\t\t\t\t\t\t\t\t\t\t\t\t\t<\/div>\n\t\t\t\t<div class=\"elementor-element elementor-element-8a1bfde elementor-widget elementor-widget-image\" data-id=\"8a1bfde\" data-element_type=\"widget\" data-e-type=\"widget\" data-widget_type=\"image.default\">\n\t\t\t\t\t\t\t\t\t\t\t\t\t\t\t<img decoding=\"async\" width=\"800\" height=\"536\" src=\"https:\/\/www.campingdeberghoeve.nl\/wp-content\/uploads\/2025\/11\/jeu-de-boules-1024x686.jpg\" class=\"attachment-large size-large wp-image-539\" alt=\"\" srcset=\"https:\/\/www.campingdeberghoeve.nl\/wp-content\/uploads\/2025\/11\/jeu-de-boules-1024x686.jpg 1024w, https:\/\/www.campingdeberghoeve.nl\/wp-content\/uploads\/2025\/11\/jeu-de-boules-300x201.jpg 300w, https:\/\/www.campingdeberghoeve.nl\/wp-content\/uploads\/2025\/11\/jeu-de-boules-768x514.jpg 768w, https:\/\/www.campingdeberghoeve.nl\/wp-content\/uploads\/2025\/11\/jeu-de-boules-1536x1028.jpg 1536w, https:\/\/www.campingdeberghoeve.nl\/wp-content\/uploads\/2025\/11\/jeu-de-boules.jpg 1800w\" sizes=\"(max-width: 800px) 100vw, 800px\" \/>\t\t\t\t\t\t\t\t\t\t\t\t\t\t\t<\/div>\n\t\t\t\t<\/div>\n\t\t\t\t\t<\/div>\n\t\t\t\t<\/div>\n\t\t<div class=\"elementor-element elementor-element-164d41d e-flex e-con-boxed e-con e-parent\" data-id=\"164d41d\" data-element_type=\"container\" data-e-type=\"container\" data-settings=\"{&quot;background_background&quot;:&quot;classic&quot;}\">\n\t\t\t\t\t<div class=\"e-con-inner\">\n\t\t\t\t<div class=\"elementor-element elementor-element-786304d elementor-blockquote--skin-quotation elementor-blockquote--align-center elementor-widget elementor-widget-blockquote\" data-id=\"786304d\" data-element_type=\"widget\" data-e-type=\"widget\" data-widget_type=\"blockquote.default\">\n\t\t\t\t\t\t\t<blockquote class=\"elementor-blockquote\">\n\t\t\t<p class=\"elementor-blockquote__content\">\n\t\t\t\tWenn G\u00e4ste auf unser Grundst\u00fcck fahren, m\u00f6chten wir, dass sie sofort das Gef\u00fchl haben: Hier kann ich vollkommen abschalten. We nodigen je van harte uit om te genieten van de natuur, onze groene en rustige camping, het buitenleven en alle kleine momenten tussendoor.\t\t\t<\/p>\n\t\t\t\t\t\t\t<div class=\"e-q-footer\">\n\t\t\t\t\t\t\t\t\t\t\t<cite class=\"elementor-blockquote__author\">Jochem &amp; Janice<\/cite>\n\t\t\t\t\t\t\t\t\t\t\t\t\t\t<\/div>\n\t\t\t\t\t<\/blockquote>\n\t\t\t\t\t\t<\/div>\n\t\t\t\t<div class=\"elementor-element elementor-element-784891a elementor-icon-list--layout-inline elementor-align-center elementor-list-item-link-full_width elementor-widget elementor-widget-icon-list\" data-id=\"784891a\" data-element_type=\"widget\" data-e-type=\"widget\" data-widget_type=\"icon-list.default\">\n\t\t\t\t\t\t\t<ul class=\"elementor-icon-list-items elementor-inline-items\">\n\t\t\t\t\t\t\t<li class=\"elementor-icon-list-item elementor-inline-item\">\n\t\t\t\t\t\t\t\t\t\t\t<span class=\"elementor-icon-list-icon\">\n\t\t\t\t\t\t\t<svg aria-hidden=\"true\" class=\"e-font-icon-svg e-fas-check\" viewBox=\"0 0 512 512\" xmlns=\"http:\/\/www.w3.org\/2000\/svg\"><path d=\"M173.898 439.404l-166.4-166.4c-9.997-9.997-9.997-26.206 0-36.204l36.203-36.204c9.997-9.998 26.207-9.998 36.204 0L192 312.69 432.095 72.596c9.997-9.997 26.207-9.997 36.204 0l36.203 36.204c9.997 9.997 9.997 26.206 0 36.204l-294.4 294.401c-9.998 9.997-26.207 9.997-36.204-.001z\"><\/path><\/svg>\t\t\t\t\t\t<\/span>\n\t\t\t\t\t\t\t\t\t\t<span class=\"elementor-icon-list-text\">Gem\u00fctliche Extras auf dem Hof<\/span>\n\t\t\t\t\t\t\t\t\t<\/li>\n\t\t\t\t\t\t\t\t<li class=\"elementor-icon-list-item elementor-inline-item\">\n\t\t\t\t\t\t\t\t\t\t\t<span class=\"elementor-icon-list-icon\">\n\t\t\t\t\t\t\t<svg aria-hidden=\"true\" class=\"e-font-icon-svg e-fas-check\" viewBox=\"0 0 512 512\" xmlns=\"http:\/\/www.w3.org\/2000\/svg\"><path d=\"M173.898 439.404l-166.4-166.4c-9.997-9.997-9.997-26.206 0-36.204l36.203-36.204c9.997-9.998 26.207-9.998 36.204 0L192 312.69 432.095 72.596c9.997-9.997 26.207-9.997 36.204 0l36.203 36.204c9.997 9.997 9.997 26.206 0 36.204l-294.4 294.401c-9.998 9.997-26.207 9.997-36.204-.001z\"><\/path><\/svg>\t\t\t\t\t\t<\/span>\n\t\t\t\t\t\t\t\t\t\t<span class=\"elementor-icon-list-text\">Kleiner Rahmen und herrlich ruhig<\/span>\n\t\t\t\t\t\t\t\t\t<\/li>\n\t\t\t\t\t\t\t\t<li class=\"elementor-icon-list-item elementor-inline-item\">\n\t\t\t\t\t\t\t\t\t\t\t<span class=\"elementor-icon-list-icon\">\n\t\t\t\t\t\t\t<svg aria-hidden=\"true\" class=\"e-font-icon-svg e-fas-check\" viewBox=\"0 0 512 512\" xmlns=\"http:\/\/www.w3.org\/2000\/svg\"><path d=\"M173.898 439.404l-166.4-166.4c-9.997-9.997-9.997-26.206 0-36.204l36.203-36.204c9.997-9.998 26.207-9.998 36.204 0L192 312.69 432.095 72.596c9.997-9.997 26.207-9.997 36.204 0l36.203 36.204c9.997 9.997 9.997 26.206 0 36.204l-294.4 294.401c-9.998 9.997-26.207 9.997-36.204-.001z\"><\/path><\/svg>\t\t\t\t\t\t<\/span>\n\t\t\t\t\t\t\t\t\t\t<span class=\"elementor-icon-list-text\">Direkt an den sch\u00f6nsten Naturschutzgebieten<\/span>\n\t\t\t\t\t\t\t\t\t<\/li>\n\t\t\t\t\t\t<\/ul>\n\t\t\t\t\t\t<\/div>\n\t\t\t\t\t<\/div>\n\t\t\t\t<\/div>\n\t\t\t\t<\/div>\n\t\t","protected":false},"excerpt":{"rendered":"<p>Nat\u00fcrliche Ruinen Den Campingplatz genie\u00dfen Auf dem Campingplatz Berghoeve dreht sich alles darum, drau\u00dfen zu sein, Zeit miteinander zu verbringen und die kleinen Dinge zu genie\u00dfen. Es gibt immer etwas Sch\u00f6nes zu unternehmen, ohne dass es \u00fcberf\u00fcllt oder riesig ist. Activiteiten Kinder k\u00f6nnen beim F\u00fcttern der Tiere helfen, Eier von den H\u00fchnern sammeln und stundenlang [&hellip;]<\/p>\n","protected":false},"author":1,"featured_media":0,"parent":0,"menu_order":0,"comment_status":"closed","ping_status":"closed","template":"","meta":{"_acf_changed":false,"footnotes":""},"class_list":["post-567","page","type-page","status-publish","hentry"],"acf":[],"yoast_head":"<!-- This site is optimized with the Yoast SEO plugin v27.0 - https:\/\/yoast.com\/product\/yoast-seo-wordpress\/ -->\n<title>Aktivit\u00e4ten auf dem Campingplatz - Camping de Berghoeve in Ruinen<\/title>\n<meta name=\"robots\" content=\"index, follow, max-snippet:-1, max-image-preview:large, max-video-preview:-1\" \/>\n<link rel=\"canonical\" href=\"https:\/\/www.campingdeberghoeve.nl\/de\/aktivitaeten-auf-dem-campingplatz\/\" \/>\n<meta property=\"og:locale\" content=\"de_DE\" \/>\n<meta property=\"og:type\" content=\"article\" \/>\n<meta property=\"og:title\" content=\"Aktivit\u00e4ten auf dem Campingplatz - Camping de Berghoeve in Ruinen\" \/>\n<meta property=\"og:description\" content=\"Nat\u00fcrliche Ruinen Den Campingplatz genie\u00dfen Auf dem Campingplatz Berghoeve dreht sich alles darum, drau\u00dfen zu sein, Zeit miteinander zu verbringen und die kleinen Dinge zu genie\u00dfen. Es gibt immer etwas Sch\u00f6nes zu unternehmen, ohne dass es \u00fcberf\u00fcllt oder riesig ist. Activiteiten Kinder k\u00f6nnen beim F\u00fcttern der Tiere helfen, Eier von den H\u00fchnern sammeln und stundenlang [&hellip;]\" \/>\n<meta property=\"og:url\" content=\"https:\/\/www.campingdeberghoeve.nl\/de\/aktivitaeten-auf-dem-campingplatz\/\" \/>\n<meta property=\"og:site_name\" content=\"Camping de Berghoeve in Ruinen\" \/>\n<meta property=\"article:modified_time\" content=\"2025-12-27T11:15:15+00:00\" \/>\n<meta property=\"og:image\" content=\"https:\/\/www.campingdeberghoeve.nl\/wp-content\/uploads\/2025\/11\/kippen.jpg\" \/>\n\t<meta property=\"og:image:width\" content=\"2000\" \/>\n\t<meta property=\"og:image:height\" content=\"1665\" \/>\n\t<meta property=\"og:image:type\" content=\"image\/jpeg\" \/>\n<meta name=\"twitter:card\" content=\"summary_large_image\" \/>\n<meta name=\"twitter:label1\" content=\"Gesch\u00e4tzte Lesezeit\" \/>\n\t<meta name=\"twitter:data1\" content=\"1\u00a0Minute\" \/>\n<script type=\"application\/ld+json\" class=\"yoast-schema-graph\">{\"@context\":\"https:\/\/schema.org\",\"@graph\":[{\"@type\":\"WebPage\",\"@id\":\"https:\/\/www.campingdeberghoeve.nl\/de\/aktivitaeten-auf-dem-campingplatz\/\",\"url\":\"https:\/\/www.campingdeberghoeve.nl\/de\/aktivitaeten-auf-dem-campingplatz\/\",\"name\":\"Aktivit\u00e4ten auf dem Campingplatz - Camping de Berghoeve in Ruinen\",\"isPartOf\":{\"@id\":\"https:\/\/www.campingdeberghoeve.nl\/de\/#website\"},\"primaryImageOfPage\":{\"@id\":\"https:\/\/www.campingdeberghoeve.nl\/de\/aktivitaeten-auf-dem-campingplatz\/#primaryimage\"},\"image\":{\"@id\":\"https:\/\/www.campingdeberghoeve.nl\/de\/aktivitaeten-auf-dem-campingplatz\/#primaryimage\"},\"thumbnailUrl\":\"https:\/\/www.campingdeberghoeve.nl\/wp-content\/uploads\/2025\/11\/kippen-1024x852.jpg\",\"datePublished\":\"2025-12-03T08:39:15+00:00\",\"dateModified\":\"2025-12-27T11:15:15+00:00\",\"breadcrumb\":{\"@id\":\"https:\/\/www.campingdeberghoeve.nl\/de\/aktivitaeten-auf-dem-campingplatz\/#breadcrumb\"},\"inLanguage\":\"de\",\"potentialAction\":[{\"@type\":\"ReadAction\",\"target\":[\"https:\/\/www.campingdeberghoeve.nl\/de\/aktivitaeten-auf-dem-campingplatz\/\"]}]},{\"@type\":\"ImageObject\",\"inLanguage\":\"de\",\"@id\":\"https:\/\/www.campingdeberghoeve.nl\/de\/aktivitaeten-auf-dem-campingplatz\/#primaryimage\",\"url\":\"https:\/\/www.campingdeberghoeve.nl\/wp-content\/uploads\/2025\/11\/kippen-1024x852.jpg\",\"contentUrl\":\"https:\/\/www.campingdeberghoeve.nl\/wp-content\/uploads\/2025\/11\/kippen-1024x852.jpg\"},{\"@type\":\"BreadcrumbList\",\"@id\":\"https:\/\/www.campingdeberghoeve.nl\/de\/aktivitaeten-auf-dem-campingplatz\/#breadcrumb\",\"itemListElement\":[{\"@type\":\"ListItem\",\"position\":1,\"name\":\"Home\",\"item\":\"https:\/\/www.campingdeberghoeve.nl\/de\/campingplatz-ruinen\/\"},{\"@type\":\"ListItem\",\"position\":2,\"name\":\"Aktivit\u00e4ten auf dem Campingplatz\"}]},{\"@type\":\"WebSite\",\"@id\":\"https:\/\/www.campingdeberghoeve.nl\/de\/#website\",\"url\":\"https:\/\/www.campingdeberghoeve.nl\/de\/\",\"name\":\"Camping de Berghoeve in Ruinen\",\"description\":\"Natuurlijk Ruinen\",\"publisher\":{\"@id\":\"https:\/\/www.campingdeberghoeve.nl\/de\/#organization\"},\"potentialAction\":[{\"@type\":\"SearchAction\",\"target\":{\"@type\":\"EntryPoint\",\"urlTemplate\":\"https:\/\/www.campingdeberghoeve.nl\/de\/?s={search_term_string}\"},\"query-input\":{\"@type\":\"PropertyValueSpecification\",\"valueRequired\":true,\"valueName\":\"search_term_string\"}}],\"inLanguage\":\"de\"},{\"@type\":\"Organization\",\"@id\":\"https:\/\/www.campingdeberghoeve.nl\/de\/#organization\",\"name\":\"Camping de Berghoeve - Natuurlijk Ruinen\",\"url\":\"https:\/\/www.campingdeberghoeve.nl\/de\/\",\"logo\":{\"@type\":\"ImageObject\",\"inLanguage\":\"de\",\"@id\":\"https:\/\/www.campingdeberghoeve.nl\/de\/#\/schema\/logo\/image\/\",\"url\":\"https:\/\/www.campingdeberghoeve.nl\/wp-content\/uploads\/2025\/11\/logo-berghoeve-web.png\",\"contentUrl\":\"https:\/\/www.campingdeberghoeve.nl\/wp-content\/uploads\/2025\/11\/logo-berghoeve-web.png\",\"width\":1068,\"height\":654,\"caption\":\"Camping de Berghoeve - Natuurlijk Ruinen\"},\"image\":{\"@id\":\"https:\/\/www.campingdeberghoeve.nl\/de\/#\/schema\/logo\/image\/\"}}]}<\/script>\n<!-- \/ Yoast SEO plugin. -->","yoast_head_json":{"title":"Aktivit\u00e4ten auf dem Campingplatz - Camping de Berghoeve in Ruinen","robots":{"index":"index","follow":"follow","max-snippet":"max-snippet:-1","max-image-preview":"max-image-preview:large","max-video-preview":"max-video-preview:-1"},"canonical":"https:\/\/www.campingdeberghoeve.nl\/de\/aktivitaeten-auf-dem-campingplatz\/","og_locale":"de_DE","og_type":"article","og_title":"Aktivit\u00e4ten auf dem Campingplatz - Camping de Berghoeve in Ruinen","og_description":"Nat\u00fcrliche Ruinen Den Campingplatz genie\u00dfen Auf dem Campingplatz Berghoeve dreht sich alles darum, drau\u00dfen zu sein, Zeit miteinander zu verbringen und die kleinen Dinge zu genie\u00dfen. Es gibt immer etwas Sch\u00f6nes zu unternehmen, ohne dass es \u00fcberf\u00fcllt oder riesig ist. Activiteiten Kinder k\u00f6nnen beim F\u00fcttern der Tiere helfen, Eier von den H\u00fchnern sammeln und stundenlang [&hellip;]","og_url":"https:\/\/www.campingdeberghoeve.nl\/de\/aktivitaeten-auf-dem-campingplatz\/","og_site_name":"Camping de Berghoeve in Ruinen","article_modified_time":"2025-12-27T11:15:15+00:00","og_image":[{"width":2000,"height":1665,"url":"https:\/\/www.campingdeberghoeve.nl\/wp-content\/uploads\/2025\/11\/kippen.jpg","type":"image\/jpeg"}],"twitter_card":"summary_large_image","twitter_misc":{"Gesch\u00e4tzte Lesezeit":"1\u00a0Minute"},"schema":{"@context":"https:\/\/schema.org","@graph":[{"@type":"WebPage","@id":"https:\/\/www.campingdeberghoeve.nl\/de\/aktivitaeten-auf-dem-campingplatz\/","url":"https:\/\/www.campingdeberghoeve.nl\/de\/aktivitaeten-auf-dem-campingplatz\/","name":"Aktivit\u00e4ten auf dem Campingplatz - Camping de Berghoeve in Ruinen","isPartOf":{"@id":"https:\/\/www.campingdeberghoeve.nl\/de\/#website"},"primaryImageOfPage":{"@id":"https:\/\/www.campingdeberghoeve.nl\/de\/aktivitaeten-auf-dem-campingplatz\/#primaryimage"},"image":{"@id":"https:\/\/www.campingdeberghoeve.nl\/de\/aktivitaeten-auf-dem-campingplatz\/#primaryimage"},"thumbnailUrl":"https:\/\/www.campingdeberghoeve.nl\/wp-content\/uploads\/2025\/11\/kippen-1024x852.jpg","datePublished":"2025-12-03T08:39:15+00:00","dateModified":"2025-12-27T11:15:15+00:00","breadcrumb":{"@id":"https:\/\/www.campingdeberghoeve.nl\/de\/aktivitaeten-auf-dem-campingplatz\/#breadcrumb"},"inLanguage":"de","potentialAction":[{"@type":"ReadAction","target":["https:\/\/www.campingdeberghoeve.nl\/de\/aktivitaeten-auf-dem-campingplatz\/"]}]},{"@type":"ImageObject","inLanguage":"de","@id":"https:\/\/www.campingdeberghoeve.nl\/de\/aktivitaeten-auf-dem-campingplatz\/#primaryimage","url":"https:\/\/www.campingdeberghoeve.nl\/wp-content\/uploads\/2025\/11\/kippen-1024x852.jpg","contentUrl":"https:\/\/www.campingdeberghoeve.nl\/wp-content\/uploads\/2025\/11\/kippen-1024x852.jpg"},{"@type":"BreadcrumbList","@id":"https:\/\/www.campingdeberghoeve.nl\/de\/aktivitaeten-auf-dem-campingplatz\/#breadcrumb","itemListElement":[{"@type":"ListItem","position":1,"name":"Home","item":"https:\/\/www.campingdeberghoeve.nl\/de\/campingplatz-ruinen\/"},{"@type":"ListItem","position":2,"name":"Aktivit\u00e4ten auf dem Campingplatz"}]},{"@type":"WebSite","@id":"https:\/\/www.campingdeberghoeve.nl\/de\/#website","url":"https:\/\/www.campingdeberghoeve.nl\/de\/","name":"Camping de Berghoeve in Ruinen","description":"Natuurlijk Ruinen","publisher":{"@id":"https:\/\/www.campingdeberghoeve.nl\/de\/#organization"},"potentialAction":[{"@type":"SearchAction","target":{"@type":"EntryPoint","urlTemplate":"https:\/\/www.campingdeberghoeve.nl\/de\/?s={search_term_string}"},"query-input":{"@type":"PropertyValueSpecification","valueRequired":true,"valueName":"search_term_string"}}],"inLanguage":"de"},{"@type":"Organization","@id":"https:\/\/www.campingdeberghoeve.nl\/de\/#organization","name":"Camping de Berghoeve - Natuurlijk Ruinen","url":"https:\/\/www.campingdeberghoeve.nl\/de\/","logo":{"@type":"ImageObject","inLanguage":"de","@id":"https:\/\/www.campingdeberghoeve.nl\/de\/#\/schema\/logo\/image\/","url":"https:\/\/www.campingdeberghoeve.nl\/wp-content\/uploads\/2025\/11\/logo-berghoeve-web.png","contentUrl":"https:\/\/www.campingdeberghoeve.nl\/wp-content\/uploads\/2025\/11\/logo-berghoeve-web.png","width":1068,"height":654,"caption":"Camping de Berghoeve - Natuurlijk Ruinen"},"image":{"@id":"https:\/\/www.campingdeberghoeve.nl\/de\/#\/schema\/logo\/image\/"}}]}},"_links":{"self":[{"href":"https:\/\/www.campingdeberghoeve.nl\/de\/wp-json\/wp\/v2\/pages\/567","targetHints":{"allow":["GET"]}}],"collection":[{"href":"https:\/\/www.campingdeberghoeve.nl\/de\/wp-json\/wp\/v2\/pages"}],"about":[{"href":"https:\/\/www.campingdeberghoeve.nl\/de\/wp-json\/wp\/v2\/types\/page"}],"author":[{"embeddable":true,"href":"https:\/\/www.campingdeberghoeve.nl\/de\/wp-json\/wp\/v2\/users\/1"}],"replies":[{"embeddable":true,"href":"https:\/\/www.campingdeberghoeve.nl\/de\/wp-json\/wp\/v2\/comments?post=567"}],"version-history":[{"count":1,"href":"https:\/\/www.campingdeberghoeve.nl\/de\/wp-json\/wp\/v2\/pages\/567\/revisions"}],"predecessor-version":[{"id":568,"href":"https:\/\/www.campingdeberghoeve.nl\/de\/wp-json\/wp\/v2\/pages\/567\/revisions\/568"}],"wp:attachment":[{"href":"https:\/\/www.campingdeberghoeve.nl\/de\/wp-json\/wp\/v2\/media?parent=567"}],"curies":[{"name":"wp","href":"https:\/\/api.w.org\/{rel}","templated":true}]}}