{"id":553,"date":"2025-12-19T10:45:51","date_gmt":"2025-12-19T10:45:51","guid":{"rendered":"https:\/\/www.campingdeberghoeve.nl\/suchen-und-buchen\/"},"modified":"2025-12-27T11:21:09","modified_gmt":"2025-12-27T11:21:09","slug":"suchen-und-buchen","status":"publish","type":"page","link":"https:\/\/www.campingdeberghoeve.nl\/de\/suchen-und-buchen\/","title":{"rendered":"Suchen und buchen"},"content":{"rendered":"\t\t<div data-elementor-type=\"wp-page\" data-elementor-id=\"553\" class=\"elementor elementor-553 elementor-477\" data-elementor-post-type=\"page\">\n\t\t\t\t<div class=\"elementor-element elementor-element-6a8ff4b e-flex e-con-boxed e-con e-parent\" data-id=\"6a8ff4b\" data-element_type=\"container\" data-e-type=\"container\" data-settings=\"{&quot;background_background&quot;:&quot;classic&quot;}\">\n\t\t\t\t\t<div class=\"e-con-inner\">\n\t\t<div class=\"elementor-element elementor-element-c41a939 e-con-full e-flex e-con e-child\" data-id=\"c41a939\" data-element_type=\"container\" data-e-type=\"container\">\n\t\t\t\t<div class=\"elementor-element elementor-element-9a9e9a5 elementor-widget elementor-widget-heading\" data-id=\"9a9e9a5\" data-element_type=\"widget\" data-e-type=\"widget\" data-widget_type=\"heading.default\">\n\t\t\t\t\t<h2 class=\"elementor-heading-title elementor-size-default\">Suchen und buchen<\/h2>\t\t\t\t<\/div>\n\t\t\t\t<div class=\"elementor-element elementor-element-5473bd6 elementor-widget elementor-widget-heading\" data-id=\"5473bd6\" data-element_type=\"widget\" data-e-type=\"widget\" data-widget_type=\"heading.default\">\n\t\t\t\t\t<p class=\"elementor-heading-title elementor-size-default\">M\u00f6chten Sie campen oder in einem Glamping-Safarizelt \u00fcbernachten? Reservieren Sie jetzt online! <\/p>\t\t\t\t<\/div>\n\t\t\t\t<\/div>\n\t\t<div class=\"elementor-element elementor-element-9debe16 e-con-full e-flex e-con e-child\" data-id=\"9debe16\" data-element_type=\"container\" data-e-type=\"container\">\n\t\t<div class=\"elementor-element elementor-element-c0fa5b6 e-con-full e-flex e-con e-child\" data-id=\"c0fa5b6\" data-element_type=\"container\" data-e-type=\"container\" data-settings=\"{&quot;background_background&quot;:&quot;classic&quot;}\">\n\t\t\t\t<div class=\"elementor-element elementor-element-f396fe2 elementor-widget elementor-widget-html\" data-id=\"f396fe2\" data-element_type=\"widget\" data-e-type=\"widget\" data-widget_type=\"html.default\">\n\t\t\t\t\t        <link rel=\"stylesheet\" type=\"text\/css\" href=\"https:\/\/public.tommbookingsupport.nl\/assets\/widgets.css\">\n    <\/head>\n    \n        <div data-tommy-widget=\"searchpage\" data-token=\"6648-cdab91385347d3650545f358007d1f1eb8029c16a5a7f727f1949d09a89a544ca4df5a52b4a77b72c8edbc955428c79bfb73087f701d94918e1cb716928a5b84\" data-language=\"de\" data-sales-channel-id=\"56403\" data-minimum-date=\"2026-04-01\" data-host=\"https:\/\/public.tommbookingsupport.nl\" data-reservation-page-url=\"https:\/\/www.campingdeberghoeve.nl\/de\/online-buchen\" data-accommodation-group-filter=\"0\" data-amenity-filter=\"0\" data-format-information-link=\"0\"><\/div>\n        <script type=\"text\/javascript\" src=\"https:\/\/public.tommbookingsupport.nl\/searchpage.js\"><\/script>\n    \t\t\t\t<\/div>\n\t\t\t\t<div class=\"elementor-element elementor-element-2ff8107 elementor-widget elementor-widget-text-editor\" data-id=\"2ff8107\" data-element_type=\"widget\" data-e-type=\"widget\" data-widget_type=\"text-editor.default\">\n\t\t\t\t\t\t\t\t\t<p>Ihre Reservierung ist definitiv, sobald Sie unsere Best\u00e4tigung erhalten haben. Mit dem Aufgeben einer Reservierung oder dem Besuch unseres Campingplatzes erkl\u00e4ren Sie sich mit der Hausordnung und den Allgemeinen Gesch\u00e4ftsbedingungen von Natuurlijk Ruinen Recreatie VOF einverstanden. <\/p>\t\t\t\t\t\t\t\t<\/div>\n\t\t\t\t<\/div>\n\t\t\t\t<\/div>\n\t\t\t\t\t<\/div>\n\t\t\t\t<\/div>\n\t\t<div class=\"elementor-element elementor-element-638d6d2 e-flex e-con-boxed e-con e-parent\" data-id=\"638d6d2\" data-element_type=\"container\" data-e-type=\"container\">\n\t\t\t\t\t<div class=\"e-con-inner\">\n\t\t\t\t\t<\/div>\n\t\t\t\t<\/div>\n\t\t<div class=\"elementor-element elementor-element-01810c8 e-flex e-con-boxed e-con e-parent\" data-id=\"01810c8\" data-element_type=\"container\" data-e-type=\"container\" data-settings=\"{&quot;background_background&quot;:&quot;classic&quot;}\">\n\t\t\t\t\t<div class=\"e-con-inner\">\n\t\t\t\t<div class=\"elementor-element elementor-element-a0deb51 elementor-widget elementor-widget-spacer\" data-id=\"a0deb51\" data-element_type=\"widget\" data-e-type=\"widget\" data-widget_type=\"spacer.default\">\n\t\t\t\t\t\t\t<div class=\"elementor-spacer\">\n\t\t\t<div class=\"elementor-spacer-inner\"><\/div>\n\t\t<\/div>\n\t\t\t\t\t\t<\/div>\n\t\t<div class=\"elementor-element elementor-element-f9c42c4 e-con-full e-flex e-con e-child\" data-id=\"f9c42c4\" data-element_type=\"container\" data-e-type=\"container\">\n\t\t\t\t<div class=\"elementor-element elementor-element-35350dc elementor-widget elementor-widget-spacer\" data-id=\"35350dc\" data-element_type=\"widget\" data-e-type=\"widget\" data-widget_type=\"spacer.default\">\n\t\t\t\t\t\t\t<div class=\"elementor-spacer\">\n\t\t\t<div class=\"elementor-spacer-inner\"><\/div>\n\t\t<\/div>\n\t\t\t\t\t\t<\/div>\n\t\t\t\t<div class=\"elementor-element elementor-element-671a367 elementor-icon-list--layout-inline elementor-align-center elementor-list-item-link-full_width elementor-widget elementor-widget-icon-list\" data-id=\"671a367\" data-element_type=\"widget\" data-e-type=\"widget\" data-widget_type=\"icon-list.default\">\n\t\t\t\t\t\t\t<ul class=\"elementor-icon-list-items elementor-inline-items\">\n\t\t\t\t\t\t\t<li class=\"elementor-icon-list-item elementor-inline-item\">\n\t\t\t\t\t\t\t\t\t\t\t<span class=\"elementor-icon-list-icon\">\n\t\t\t\t\t\t\t<svg aria-hidden=\"true\" class=\"e-font-icon-svg e-fas-check\" viewBox=\"0 0 512 512\" xmlns=\"http:\/\/www.w3.org\/2000\/svg\"><path d=\"M173.898 439.404l-166.4-166.4c-9.997-9.997-9.997-26.206 0-36.204l36.203-36.204c9.997-9.998 26.207-9.998 36.204 0L192 312.69 432.095 72.596c9.997-9.997 26.207-9.997 36.204 0l36.203 36.204c9.997 9.997 9.997 26.206 0 36.204l-294.4 294.401c-9.998 9.997-26.207 9.997-36.204-.001z\"><\/path><\/svg>\t\t\t\t\t\t<\/span>\n\t\t\t\t\t\t\t\t\t\t<span class=\"elementor-icon-list-text\">Gem\u00fctliche Extras auf dem Hof<\/span>\n\t\t\t\t\t\t\t\t\t<\/li>\n\t\t\t\t\t\t\t\t<li class=\"elementor-icon-list-item elementor-inline-item\">\n\t\t\t\t\t\t\t\t\t\t\t<span class=\"elementor-icon-list-icon\">\n\t\t\t\t\t\t\t<svg aria-hidden=\"true\" class=\"e-font-icon-svg e-fas-check\" viewBox=\"0 0 512 512\" xmlns=\"http:\/\/www.w3.org\/2000\/svg\"><path d=\"M173.898 439.404l-166.4-166.4c-9.997-9.997-9.997-26.206 0-36.204l36.203-36.204c9.997-9.998 26.207-9.998 36.204 0L192 312.69 432.095 72.596c9.997-9.997 26.207-9.997 36.204 0l36.203 36.204c9.997 9.997 9.997 26.206 0 36.204l-294.4 294.401c-9.998 9.997-26.207 9.997-36.204-.001z\"><\/path><\/svg>\t\t\t\t\t\t<\/span>\n\t\t\t\t\t\t\t\t\t\t<span class=\"elementor-icon-list-text\">Kleiner Rahmen und herrlich ruhig<\/span>\n\t\t\t\t\t\t\t\t\t<\/li>\n\t\t\t\t\t\t\t\t<li class=\"elementor-icon-list-item elementor-inline-item\">\n\t\t\t\t\t\t\t\t\t\t\t<span class=\"elementor-icon-list-icon\">\n\t\t\t\t\t\t\t<svg aria-hidden=\"true\" class=\"e-font-icon-svg e-fas-check\" viewBox=\"0 0 512 512\" xmlns=\"http:\/\/www.w3.org\/2000\/svg\"><path d=\"M173.898 439.404l-166.4-166.4c-9.997-9.997-9.997-26.206 0-36.204l36.203-36.204c9.997-9.998 26.207-9.998 36.204 0L192 312.69 432.095 72.596c9.997-9.997 26.207-9.997 36.204 0l36.203 36.204c9.997 9.997 9.997 26.206 0 36.204l-294.4 294.401c-9.998 9.997-26.207 9.997-36.204-.001z\"><\/path><\/svg>\t\t\t\t\t\t<\/span>\n\t\t\t\t\t\t\t\t\t\t<span class=\"elementor-icon-list-text\">Direkt an den sch\u00f6nsten Naturschutzgebieten<\/span>\n\t\t\t\t\t\t\t\t\t<\/li>\n\t\t\t\t\t\t<\/ul>\n\t\t\t\t\t\t<\/div>\n\t\t\t\t<\/div>\n\t\t\t\t\t<\/div>\n\t\t\t\t<\/div>\n\t\t<div class=\"elementor-element elementor-element-cd51122 e-flex e-con-boxed e-con e-parent\" data-id=\"cd51122\" data-element_type=\"container\" data-e-type=\"container\" data-settings=\"{&quot;background_background&quot;:&quot;classic&quot;}\">\n\t\t\t\t\t<div class=\"e-con-inner\">\n\t\t\t\t<div class=\"elementor-element elementor-element-869ed75 elementor-blockquote--skin-quotation elementor-blockquote--align-center elementor-widget elementor-widget-blockquote\" data-id=\"869ed75\" data-element_type=\"widget\" data-e-type=\"widget\" data-widget_type=\"blockquote.default\">\n\t\t\t\t\t\t\t<blockquote class=\"elementor-blockquote\">\n\t\t\t<p class=\"elementor-blockquote__content\">\n\t\t\t\tWenn G\u00e4ste bei uns auf den Hof fahren, m\u00f6chten wir, dass sie sofort sp\u00fcren: Hier darf ich mich mal richtig erholen. Wir laden Sie herzlich ein, die Natur, unseren gr\u00fcnen und ruhigen Campingplatz, das Leben im Freien und all die kleinen Momente zwischendurch zu genie\u00dfen. \t\t\t<\/p>\n\t\t\t\t\t\t\t<div class=\"e-q-footer\">\n\t\t\t\t\t\t\t\t\t\t\t<cite class=\"elementor-blockquote__author\">Jochem &amp; Janice<\/cite>\n\t\t\t\t\t\t\t\t\t\t\t\t\t\t<\/div>\n\t\t\t\t\t<\/blockquote>\n\t\t\t\t\t\t<\/div>\n\t\t\t\t\t<\/div>\n\t\t\t\t<\/div>\n\t\t\t\t<\/div>\n\t\t","protected":false},"excerpt":{"rendered":"<p>Suchen und buchen M\u00f6chten Sie campen oder in einem Glamping-Safarizelt \u00fcbernachten? Reservieren Sie jetzt online! Ihre Reservierung ist definitiv, sobald Sie unsere Best\u00e4tigung erhalten haben. Mit dem Aufgeben einer Reservierung oder dem Besuch unseres Campingplatzes erkl\u00e4ren Sie sich mit der Hausordnung und den Allgemeinen Gesch\u00e4ftsbedingungen von Natuurlijk Ruinen Recreatie VOF einverstanden. Gem\u00fctliche Extras auf dem [&hellip;]<\/p>\n","protected":false},"author":1,"featured_media":0,"parent":0,"menu_order":0,"comment_status":"closed","ping_status":"closed","template":"","meta":{"_acf_changed":false,"footnotes":""},"class_list":["post-553","page","type-page","status-publish","hentry"],"acf":[],"yoast_head":"<!-- This site is optimized with the Yoast SEO plugin v27.0 - https:\/\/yoast.com\/product\/yoast-seo-wordpress\/ -->\n<title>Suchen und buchen - Camping de Berghoeve in Ruinen<\/title>\n<meta name=\"robots\" content=\"index, follow, max-snippet:-1, max-image-preview:large, max-video-preview:-1\" \/>\n<link rel=\"canonical\" href=\"https:\/\/www.campingdeberghoeve.nl\/de\/suchen-und-buchen\/\" \/>\n<meta property=\"og:locale\" content=\"de_DE\" \/>\n<meta property=\"og:type\" content=\"article\" \/>\n<meta property=\"og:title\" content=\"Suchen und buchen - Camping de Berghoeve in Ruinen\" \/>\n<meta property=\"og:description\" content=\"Suchen und buchen M\u00f6chten Sie campen oder in einem Glamping-Safarizelt \u00fcbernachten? Reservieren Sie jetzt online! Ihre Reservierung ist definitiv, sobald Sie unsere Best\u00e4tigung erhalten haben. Mit dem Aufgeben einer Reservierung oder dem Besuch unseres Campingplatzes erkl\u00e4ren Sie sich mit der Hausordnung und den Allgemeinen Gesch\u00e4ftsbedingungen von Natuurlijk Ruinen Recreatie VOF einverstanden. Gem\u00fctliche Extras auf dem [&hellip;]\" \/>\n<meta property=\"og:url\" content=\"https:\/\/www.campingdeberghoeve.nl\/de\/suchen-und-buchen\/\" \/>\n<meta property=\"og:site_name\" content=\"Camping de Berghoeve in Ruinen\" \/>\n<meta property=\"article:modified_time\" content=\"2025-12-27T11:21:09+00:00\" \/>\n<meta name=\"twitter:card\" content=\"summary_large_image\" \/>\n<meta name=\"twitter:label1\" content=\"Gesch\u00e4tzte Lesezeit\" \/>\n\t<meta name=\"twitter:data1\" content=\"2\u00a0Minuten\" \/>\n<script type=\"application\/ld+json\" class=\"yoast-schema-graph\">{\"@context\":\"https:\/\/schema.org\",\"@graph\":[{\"@type\":\"WebPage\",\"@id\":\"https:\/\/www.campingdeberghoeve.nl\/de\/suchen-und-buchen\/\",\"url\":\"https:\/\/www.campingdeberghoeve.nl\/de\/suchen-und-buchen\/\",\"name\":\"Suchen und buchen - Camping de Berghoeve in Ruinen\",\"isPartOf\":{\"@id\":\"https:\/\/www.campingdeberghoeve.nl\/de\/#website\"},\"datePublished\":\"2025-12-19T10:45:51+00:00\",\"dateModified\":\"2025-12-27T11:21:09+00:00\",\"breadcrumb\":{\"@id\":\"https:\/\/www.campingdeberghoeve.nl\/de\/suchen-und-buchen\/#breadcrumb\"},\"inLanguage\":\"de\",\"potentialAction\":[{\"@type\":\"ReadAction\",\"target\":[\"https:\/\/www.campingdeberghoeve.nl\/de\/suchen-und-buchen\/\"]}]},{\"@type\":\"BreadcrumbList\",\"@id\":\"https:\/\/www.campingdeberghoeve.nl\/de\/suchen-und-buchen\/#breadcrumb\",\"itemListElement\":[{\"@type\":\"ListItem\",\"position\":1,\"name\":\"Home\",\"item\":\"https:\/\/www.campingdeberghoeve.nl\/de\/campingplatz-ruinen\/\"},{\"@type\":\"ListItem\",\"position\":2,\"name\":\"Suchen und buchen\"}]},{\"@type\":\"WebSite\",\"@id\":\"https:\/\/www.campingdeberghoeve.nl\/de\/#website\",\"url\":\"https:\/\/www.campingdeberghoeve.nl\/de\/\",\"name\":\"Camping de Berghoeve in Ruinen\",\"description\":\"Natuurlijk Ruinen\",\"publisher\":{\"@id\":\"https:\/\/www.campingdeberghoeve.nl\/de\/#organization\"},\"potentialAction\":[{\"@type\":\"SearchAction\",\"target\":{\"@type\":\"EntryPoint\",\"urlTemplate\":\"https:\/\/www.campingdeberghoeve.nl\/de\/?s={search_term_string}\"},\"query-input\":{\"@type\":\"PropertyValueSpecification\",\"valueRequired\":true,\"valueName\":\"search_term_string\"}}],\"inLanguage\":\"de\"},{\"@type\":\"Organization\",\"@id\":\"https:\/\/www.campingdeberghoeve.nl\/de\/#organization\",\"name\":\"Camping de Berghoeve - Natuurlijk Ruinen\",\"url\":\"https:\/\/www.campingdeberghoeve.nl\/de\/\",\"logo\":{\"@type\":\"ImageObject\",\"inLanguage\":\"de\",\"@id\":\"https:\/\/www.campingdeberghoeve.nl\/de\/#\/schema\/logo\/image\/\",\"url\":\"https:\/\/www.campingdeberghoeve.nl\/wp-content\/uploads\/2025\/11\/logo-berghoeve-web.png\",\"contentUrl\":\"https:\/\/www.campingdeberghoeve.nl\/wp-content\/uploads\/2025\/11\/logo-berghoeve-web.png\",\"width\":1068,\"height\":654,\"caption\":\"Camping de Berghoeve - Natuurlijk Ruinen\"},\"image\":{\"@id\":\"https:\/\/www.campingdeberghoeve.nl\/de\/#\/schema\/logo\/image\/\"}}]}<\/script>\n<!-- \/ Yoast SEO plugin. -->","yoast_head_json":{"title":"Suchen und buchen - Camping de Berghoeve in Ruinen","robots":{"index":"index","follow":"follow","max-snippet":"max-snippet:-1","max-image-preview":"max-image-preview:large","max-video-preview":"max-video-preview:-1"},"canonical":"https:\/\/www.campingdeberghoeve.nl\/de\/suchen-und-buchen\/","og_locale":"de_DE","og_type":"article","og_title":"Suchen und buchen - Camping de Berghoeve in Ruinen","og_description":"Suchen und buchen M\u00f6chten Sie campen oder in einem Glamping-Safarizelt \u00fcbernachten? Reservieren Sie jetzt online! Ihre Reservierung ist definitiv, sobald Sie unsere Best\u00e4tigung erhalten haben. Mit dem Aufgeben einer Reservierung oder dem Besuch unseres Campingplatzes erkl\u00e4ren Sie sich mit der Hausordnung und den Allgemeinen Gesch\u00e4ftsbedingungen von Natuurlijk Ruinen Recreatie VOF einverstanden. Gem\u00fctliche Extras auf dem [&hellip;]","og_url":"https:\/\/www.campingdeberghoeve.nl\/de\/suchen-und-buchen\/","og_site_name":"Camping de Berghoeve in Ruinen","article_modified_time":"2025-12-27T11:21:09+00:00","twitter_card":"summary_large_image","twitter_misc":{"Gesch\u00e4tzte Lesezeit":"2\u00a0Minuten"},"schema":{"@context":"https:\/\/schema.org","@graph":[{"@type":"WebPage","@id":"https:\/\/www.campingdeberghoeve.nl\/de\/suchen-und-buchen\/","url":"https:\/\/www.campingdeberghoeve.nl\/de\/suchen-und-buchen\/","name":"Suchen und buchen - Camping de Berghoeve in Ruinen","isPartOf":{"@id":"https:\/\/www.campingdeberghoeve.nl\/de\/#website"},"datePublished":"2025-12-19T10:45:51+00:00","dateModified":"2025-12-27T11:21:09+00:00","breadcrumb":{"@id":"https:\/\/www.campingdeberghoeve.nl\/de\/suchen-und-buchen\/#breadcrumb"},"inLanguage":"de","potentialAction":[{"@type":"ReadAction","target":["https:\/\/www.campingdeberghoeve.nl\/de\/suchen-und-buchen\/"]}]},{"@type":"BreadcrumbList","@id":"https:\/\/www.campingdeberghoeve.nl\/de\/suchen-und-buchen\/#breadcrumb","itemListElement":[{"@type":"ListItem","position":1,"name":"Home","item":"https:\/\/www.campingdeberghoeve.nl\/de\/campingplatz-ruinen\/"},{"@type":"ListItem","position":2,"name":"Suchen und buchen"}]},{"@type":"WebSite","@id":"https:\/\/www.campingdeberghoeve.nl\/de\/#website","url":"https:\/\/www.campingdeberghoeve.nl\/de\/","name":"Camping de Berghoeve in Ruinen","description":"Natuurlijk Ruinen","publisher":{"@id":"https:\/\/www.campingdeberghoeve.nl\/de\/#organization"},"potentialAction":[{"@type":"SearchAction","target":{"@type":"EntryPoint","urlTemplate":"https:\/\/www.campingdeberghoeve.nl\/de\/?s={search_term_string}"},"query-input":{"@type":"PropertyValueSpecification","valueRequired":true,"valueName":"search_term_string"}}],"inLanguage":"de"},{"@type":"Organization","@id":"https:\/\/www.campingdeberghoeve.nl\/de\/#organization","name":"Camping de Berghoeve - Natuurlijk Ruinen","url":"https:\/\/www.campingdeberghoeve.nl\/de\/","logo":{"@type":"ImageObject","inLanguage":"de","@id":"https:\/\/www.campingdeberghoeve.nl\/de\/#\/schema\/logo\/image\/","url":"https:\/\/www.campingdeberghoeve.nl\/wp-content\/uploads\/2025\/11\/logo-berghoeve-web.png","contentUrl":"https:\/\/www.campingdeberghoeve.nl\/wp-content\/uploads\/2025\/11\/logo-berghoeve-web.png","width":1068,"height":654,"caption":"Camping de Berghoeve - Natuurlijk Ruinen"},"image":{"@id":"https:\/\/www.campingdeberghoeve.nl\/de\/#\/schema\/logo\/image\/"}}]}},"_links":{"self":[{"href":"https:\/\/www.campingdeberghoeve.nl\/de\/wp-json\/wp\/v2\/pages\/553","targetHints":{"allow":["GET"]}}],"collection":[{"href":"https:\/\/www.campingdeberghoeve.nl\/de\/wp-json\/wp\/v2\/pages"}],"about":[{"href":"https:\/\/www.campingdeberghoeve.nl\/de\/wp-json\/wp\/v2\/types\/page"}],"author":[{"embeddable":true,"href":"https:\/\/www.campingdeberghoeve.nl\/de\/wp-json\/wp\/v2\/users\/1"}],"replies":[{"embeddable":true,"href":"https:\/\/www.campingdeberghoeve.nl\/de\/wp-json\/wp\/v2\/comments?post=553"}],"version-history":[{"count":7,"href":"https:\/\/www.campingdeberghoeve.nl\/de\/wp-json\/wp\/v2\/pages\/553\/revisions"}],"predecessor-version":[{"id":583,"href":"https:\/\/www.campingdeberghoeve.nl\/de\/wp-json\/wp\/v2\/pages\/553\/revisions\/583"}],"wp:attachment":[{"href":"https:\/\/www.campingdeberghoeve.nl\/de\/wp-json\/wp\/v2\/media?parent=553"}],"curies":[{"name":"wp","href":"https:\/\/api.w.org\/{rel}","templated":true}]}}